{"id":563,"date":"2020-08-07T12:15:33","date_gmt":"2020-08-07T10:15:33","guid":{"rendered":"https:\/\/bite.de\/strona-glowna\/"},"modified":"2024-03-13T13:22:34","modified_gmt":"2024-03-13T12:22:34","slug":"strona-glowna","status":"publish","type":"page","link":"https:\/\/bite.de\/pl\/","title":{"rendered":"Strona g\u0142\u00f3wna"},"content":{"rendered":"<div class=\"wpb-content-wrapper\"><p>[vc_row full_width=&#8221;stretch_row&#8221; awb_type=&#8221;video&#8221; awb_stretch=&#8221;1&#8243; awb_video_mobile=&#8221;1&#8243; css=&#8221;.vc_custom_1701271739042{margin-top: -40px !important;margin-bottom: 50px !important;padding-top: 40% !important;padding-bottom: 30% !important;}&#8221; awb_video_mp4=&#8221;https:\/\/bite.de\/wp-content\/uploads\/2023\/11\/header_kurz-sw.mp4&#8243;][vc_column][\/vc_column][\/vc_row][vc_row][vc_column][vc_empty_space][\/vc_column][\/vc_row][vc_row css=&#8221;.vc_custom_1700648013396{padding-bottom: 30px !important;}&#8221; el_class=&#8221;red-headline&#8221;][vc_column width=&#8221;2\/3&#8243;][vc_custom_heading text=&#8221;Tworzymy oprogramowanie dla firm z bran\u017cy security&#8221; font_container=&#8221;tag:h1|text_align:left|color:%23000000&#8243; use_theme_fonts=&#8221;yes&#8221;][vc_custom_heading text=&#8221;Prawie 30 lat do\u015bwiadczenia \u2026&#8221; font_container=&#8221;tag:h3|text_align:left|line_height:46px&#8221; use_theme_fonts=&#8221;yes&#8221;][vc_row_inner css=&#8221;.vc_custom_1700657063995{padding-top: 20px !important;}&#8221;][vc_column_inner][vc_column_text]\u2026 w tej dziedzinie czyni nas liderem na rynku. Ponad 350 firm z regionu DACH oraz Polski korzysta z DISPONIC.[\/vc_column_text][\/vc_column_inner][\/vc_row_inner][\/vc_column][vc_column width=&#8221;1\/3&#8243;][vc_single_image image=&#8221;511&#8243; img_size=&#8221;full&#8221; alignment=&#8221;center&#8221;][\/vc_column][\/vc_row][vc_row full_width=&#8221;stretch_row&#8221; gap=&#8221;30&#8243; el_class=&#8221;home_ql&#8221; css=&#8221;.vc_custom_1700648378063{padding-bottom: 50px !important;}&#8221;][vc_column width=&#8221;1\/3&#8243; css=&#8221;.vc_custom_1699456206021{background-image: url(https:\/\/bite.de\/wp-content\/uploads\/2023\/11\/ql_hg-01.jpg?id=395) !important;background-position: center !important;background-repeat: no-repeat !important;background-size: cover !important;}&#8221;][vc_custom_heading text=&#8221;DISPONIC&#8221; font_container=&#8221;tag:h3|text_align:center&#8221; use_theme_fonts=&#8221;yes&#8221;][vc_column_text]<\/p>\n<p style=\"text-align: center;\">Planowanie dy\u017cur\u00f3w, p\u0142aca brutto, fakturowanie i inteligentne modu\u0142y &#8230;<\/p>\n<p>[\/vc_column_text][vc_empty_space height=&#8221;10px&#8221;][vc_btn title=&#8221;Wi\u0119cej informacji&#8221; style=&#8221;custom&#8221; custom_background=&#8221;#d62339&#8243; custom_text=&#8221;#ffffff&#8221; shape=&#8221;square&#8221; align=&#8221;center&#8221; link=&#8221;url:https%3A%2F%2Fdisponic.de%2Fpl|title:Odkryj%20DISPONIC|target:_blank&#8221;][\/vc_column][vc_column width=&#8221;1\/3&#8243; css=&#8221;.vc_custom_1699456463889{background-image: url(https:\/\/bite.de\/wp-content\/uploads\/2023\/11\/ql_hg-02.jpg?id=397) !important;background-position: center !important;background-repeat: no-repeat !important;background-size: cover !important;}&#8221;][vc_custom_heading text=&#8221;Wydarzenia&#8221; font_container=&#8221;tag:h3|text_align:center&#8221; use_theme_fonts=&#8221;yes&#8221;][vc_column_text]<\/p>\n<p style=\"text-align: center;\">Spotkajmy si\u0119 na tych wydarzeniach w Niemczech (informacje w j\u0119zyku niemieckim) &#8230;<\/p>\n<p>[\/vc_column_text][vc_empty_space height=&#8221;10px&#8221;][vc_btn title=&#8221;Wi\u0119cej informacji&#8221; style=&#8221;custom&#8221; custom_background=&#8221;#d62339&#8243; custom_text=&#8221;#ffffff&#8221; shape=&#8221;square&#8221; align=&#8221;center&#8221; link=&#8221;url:https%3A%2F%2Fwww.disponic.de%2Faktuelles%2Fevents%2F|title:Odkryj%20wydarzenia%20DISPONIC|target:_blank&#8221;][\/vc_column][vc_column width=&#8221;1\/3&#8243; css=&#8221;.vc_custom_1699456583760{background-image: url(https:\/\/bite.de\/wp-content\/uploads\/2023\/11\/ql_hg-03.jpg?id=399) !important;background-position: center !important;background-repeat: no-repeat !important;background-size: cover !important;}&#8221;][vc_custom_heading text=&#8221;Kontakt&#8221; font_container=&#8221;tag:h3|text_align:center&#8221; use_theme_fonts=&#8221;yes&#8221;][vc_column_text]<\/p>\n<p style=\"text-align: center;\">Masz pytania lub chcesz si\u0119 z nami skontaktowa\u0107?<br \/>\n\u2026<\/p>\n<p>[\/vc_column_text][vc_empty_space height=&#8221;10px&#8221;][vc_btn title=&#8221;Wi\u0119cej informacji&#8221; style=&#8221;custom&#8221; custom_background=&#8221;#d62339&#8243; custom_text=&#8221;#ffffff&#8221; shape=&#8221;square&#8221; align=&#8221;center&#8221; link=&#8221;url:https%3A%2F%2Fbite.de%2Fpl%2Fkontakt%2F|title:Kontakt&#8221;][\/vc_column][\/vc_row][vc_row full_width=&#8221;stretch_row&#8221; content_placement=&#8221;middle&#8221; disable_element=&#8221;yes&#8221; css=&#8221;.vc_custom_1701272650165{margin-top: 20px !important;padding-top: 5% !important;padding-bottom: 5% !important;background-image: url(https:\/\/bite.de\/wp-content\/uploads\/2023\/10\/hg-trenner.jpg?id=254) !important;background-position: center !important;background-repeat: no-repeat !important;background-size: cover !important;}&#8221; el_class=&#8221;home_veranstaltung&#8221;][vc_column width=&#8221;2\/3&#8243; css=&#8221;.vc_custom_1695725069457{padding-top: 0px !important;}&#8221;][vc_column_text]<\/p>\n<h3><strong>Spotkanie u\u017cytkownik\u00f3w (20.\u201321.04.2023)<\/strong><br \/>\nw Muzeum Sportu i Olimpizmu w Kolonii<\/h3>\n<p>W ci\u0105gu dw\u00f3ch dni zdob\u0119dziesz kompaktow\u0105 wiedz\u0119 na prawie wszystkie tematy zwi\u0105zane z DISPONIC. Twoja codzienna praca stanie si\u0119 bardziej wydajna i bezpieczna. Poznasz nowe funkcje, obej\u015bcia, wskaz\u00f3wki i triki. Zar\u00f3wno od naszych trener\u00f3w, jak i w dialogu z innymi u\u017cytkownikami DISPONIC.[\/vc_column_text][vc_btn title=&#8221;Zarejestruj si\u0119 teraz&#8221; style=&#8221;flat&#8221; shape=&#8221;square&#8221; color=&#8221;white&#8221; align=&#8221;left&#8221; link=&#8221;url:%23|title:Zarejestruj%20si%C4%99%20teraz|&#8221;][\/vc_column][vc_column width=&#8221;1\/3&#8243;][vc_single_image image=&#8221;481&#8243; img_size=&#8221;full&#8221; alignment=&#8221;center&#8221;][\/vc_column][\/vc_row]<\/p>\n<\/div>","protected":false},"excerpt":{"rendered":"<p>[vc_row full_width=&#8221;stretch_row&#8221; awb_type=&#8221;video&#8221; awb_stretch=&#8221;1&#8243; awb_video_mobile=&#8221;1&#8243; css=&#8221;.vc_custom_1701271739042{margin-top: -40px !important;margin-bottom: 50px !important;padding-top: 40% !important;padding-bottom: 30% !important;}&#8221; awb_video_mp4=&#8221;https:\/\/bite.de\/wp-content\/uploads\/2023\/11\/header_kurz-sw.mp4&#8243;][vc_column][\/vc_column][\/vc_row][vc_row][vc_column][vc_empty_space][\/vc_column][\/vc_row][vc_row css=&#8221;.vc_custom_1700648013396{padding-bottom: 30px !important;}&#8221; el_class=&#8221;red-headline&#8221;][vc_column width=&#8221;2\/3&#8243;][vc_custom_heading text=&#8221;Tworzymy oprogramowanie dla firm z bran\u017cy security&#8221; font_container=&#8221;tag:h1|text_align:left|color:%23000000&#8243; use_theme_fonts=&#8221;yes&#8221;][vc_custom_heading text=&#8221;Prawie 30 lat do\u015bwiadczenia \u2026&#8221; font_container=&#8221;tag:h3|text_align:left|line_height:46px&#8221; use_theme_fonts=&#8221;yes&#8221;][vc_row_inner css=&#8221;.vc_custom_1700657063995{padding-top: 20px !important;}&#8221;][vc_column_inner][vc_column_text]\u2026 w tej dziedzinie czyni nas liderem na rynku. Ponad 350 firm z regionu DACH oraz Polski [&hellip;]<\/p>\n","protected":false},"author":1,"featured_media":0,"parent":0,"menu_order":0,"comment_status":"closed","ping_status":"closed","template":"","meta":{"footnotes":""},"class_list":["post-563","page","type-page","status-publish","hentry","wpbf-post"],"_links":{"self":[{"href":"https:\/\/bite.de\/pl\/wp-json\/wp\/v2\/pages\/563","targetHints":{"allow":["GET"]}}],"collection":[{"href":"https:\/\/bite.de\/pl\/wp-json\/wp\/v2\/pages"}],"about":[{"href":"https:\/\/bite.de\/pl\/wp-json\/wp\/v2\/types\/page"}],"author":[{"embeddable":true,"href":"https:\/\/bite.de\/pl\/wp-json\/wp\/v2\/users\/1"}],"replies":[{"embeddable":true,"href":"https:\/\/bite.de\/pl\/wp-json\/wp\/v2\/comments?post=563"}],"version-history":[{"count":23,"href":"https:\/\/bite.de\/pl\/wp-json\/wp\/v2\/pages\/563\/revisions"}],"predecessor-version":[{"id":700,"href":"https:\/\/bite.de\/pl\/wp-json\/wp\/v2\/pages\/563\/revisions\/700"}],"wp:attachment":[{"href":"https:\/\/bite.de\/pl\/wp-json\/wp\/v2\/media?parent=563"}],"curies":[{"name":"wp","href":"https:\/\/api.w.org\/{rel}","templated":true}]}}