{"id":571,"date":"2023-10-06T14:47:22","date_gmt":"2023-10-06T12:47:22","guid":{"rendered":"https:\/\/bite.de\/o-nas\/"},"modified":"2025-10-22T14:20:20","modified_gmt":"2025-10-22T12:20:20","slug":"o-nas","status":"publish","type":"page","link":"https:\/\/bite.de\/pl\/o-nas\/","title":{"rendered":"O nas"},"content":{"rendered":"<div class=\"wpb-content-wrapper\"><p>[vc_row full_width=&#8221;stretch_row&#8221; awb_type=&#8221;video&#8221; awb_stretch=&#8221;1&#8243; awb_video_mobile=&#8221;1&#8243; css=&#8221;.vc_custom_1701272054559{margin-top: -40px !important;padding-top: 25% !important;padding-bottom: 25% !important;background-position: center !important;background-repeat: no-repeat !important;background-size: cover !important;}&#8221; awb_video_mp4=&#8221;https:\/\/bite.de\/wp-content\/uploads\/2023\/11\/header_kurz-sw.mp4&#8243;][vc_column][\/vc_column][\/vc_row][vc_row][vc_column][vc_empty_space][\/vc_column][\/vc_row][vc_row el_class=&#8221;red-headline&#8221; css=&#8221;.vc_custom_1696596492930{padding-bottom: 30px !important;}&#8221;][vc_column][vc_custom_heading text=&#8221;Jeden za wszystkich, wszyscy za jednego&#8221; font_container=&#8221;tag:h1|text_align:left&#8221; use_theme_fonts=&#8221;yes&#8221;][vc_custom_heading text=&#8221;Jeste\u015bmy Bite&#8221; font_container=&#8221;tag:h3|text_align:left&#8221; use_theme_fonts=&#8221;yes&#8221;][vc_row_inner css=&#8221;.vc_custom_1700139121178{padding-top: 35px !important;}&#8221;][vc_column_inner][vc_column_text]Wymiana pomys\u0142\u00f3w i do\u015bwiadcze\u0144 jest dla nas istotna. Bite sp. z o.o. to firma, gdzie panuje naprawd\u0119 rodzinna atmosfera. Mimo tego, ze jest nas ju\u017c 40 os\u00f3b. Nasz\u0105 dewiz\u0105 jest przyjazna, lojalna i pe\u0142na wzajemnego szacunku wsp\u00f3\u0142praca.<\/p>\n<p>RODZINNI \u00b7 NOWOCZE\u015aNI \u00b7 ZORIENTOWANI NA PRZYSZ\u0141O\u015a\u0106[\/vc_column_text][\/vc_column_inner][\/vc_row_inner][\/vc_column][\/vc_row][vc_row full_width=&#8221;stretch_row&#8221;][vc_column][vc_media_grid gap=&#8221;10&#8243; item=&#8221;338&#8243; grid_id=&#8221;vc_gid:1701272044365-49d5f307-1aaa-8&#8243; include=&#8221;517,515,513&#8243;][\/vc_column][\/vc_row][vc_row css=&#8221;.vc_custom_1696581352721{padding-top: 40px !important;}&#8221;][vc_column][vc_custom_heading text=&#8221;Misja firmy Bite&#8221; use_theme_fonts=&#8221;yes&#8221;][vc_column_text]Nasza misja i wizerunek, a tak\u017ce wyznawane przez nas warto\u015bci stosujemy w tej samej mierze do wszystkich: wsp\u00f3\u0142pracownik\u00f3w, klient\u00f3w, partner\u00f3w biznesowych i dostawc\u00f3w. I to determinuje nasz\u0105 wizj\u0119. Oto dok\u0105d zmierzamy. Wiele ju\u017c wsp\u00f3lnie osi\u0105gn\u0119li\u015bmy, ale ci\u0105gle chcemy si\u0119 udoskonala\u0107. W naszym procesie rozwoju permanentnie si\u0119 do tego odwo\u0142ujemy.<\/p>\n<p>W tym wszystkim jeste\u015bmy lud\u017ami z r\u00f3\u017cnymi codziennymi nawykami. Nikt nie musi udawa\u0107 kogo\u015b innego, ni\u017c jest naprawd\u0119, ka\u017cdy mo\u017ce by\u0107 u nas sob\u0105. Traktujemy si\u0119 nawzajem w spos\u00f3b przyjazny oraz z szacunkiem, wykazujemy si\u0119 dobrym taktem i odpowiednim poziomem empatii.[\/vc_column_text][\/vc_column][\/vc_row][vc_row el_class=&#8221;leitbild&#8221; css=&#8221;.vc_custom_1696596668535{padding-top: 40px !important;padding-bottom: 40px !important;}&#8221;][vc_column][vc_row_inner css=&#8221;.vc_custom_1696596761797{padding-bottom: 20px !important;}&#8221;][vc_column_inner width=&#8221;1\/3&#8243;][vc_custom_heading text=&#8221;Naprawd\u0119 niezawodni&#8221; font_container=&#8221;tag:h6|text_align:left&#8221; use_theme_fonts=&#8221;yes&#8221;][vc_column_text]Szanujemy to, co wsp\u00f3lnie ustalili\u015bmy. Szybko odpowiadamy i reagujemy na pytania i sugestie. Dobrze, \u017ce mo\u017cemy na sobie polega\u0107.[\/vc_column_text][\/vc_column_inner][vc_column_inner width=&#8221;1\/3&#8243;][vc_custom_heading text=&#8221;Naprawd\u0119 godni zaufania&#8221; font_container=&#8221;tag:h6|text_align:left&#8221; use_theme_fonts=&#8221;yes&#8221;][vc_column_text]Nasze otwarte i pe\u0142ne szacunku podej\u015bcie do siebie stanowi podstaw\u0119 wzajemnego zaufania. Jeste\u015bmy przekonani, \u017ce pracuj\u0105c ze sob\u0105 wsp\u00f3\u0142pracujemy z lud\u017ami, na kt\u00f3rych mo\u017cemy polega\u0107.[\/vc_column_text][\/vc_column_inner][vc_column_inner width=&#8221;1\/3&#8243;][vc_custom_heading text=&#8221;Naprawd\u0119 rodzinni&#8221; font_container=&#8221;tag:h6|text_align:left&#8221; use_theme_fonts=&#8221;yes&#8221;][vc_column_text]W naszej firmie panuje rodzinna atmosfera. Poza godzinami pracy wsp\u00f3lnie organizujemy r\u00f3\u017cne aktywno\u015bci. Nasze podstawowe motto to przyjazna, lojalna i pe\u0142na szacunku wsp\u00f3\u0142praca.[\/vc_column_text][\/vc_column_inner][\/vc_row_inner][vc_row_inner css=&#8221;.vc_custom_1696596761797{padding-bottom: 20px !important;}&#8221;][vc_column_inner width=&#8221;1\/3&#8243;][vc_custom_heading text=&#8221;Naprawd\u0119 uczciwi&#8221; font_container=&#8221;tag:h6|text_align:left&#8221; use_theme_fonts=&#8221;yes&#8221;][vc_column_text]Jeste\u015bmy uczciwi, szczerzy i sprawiedliwi. Ka\u017cdy cz\u0142owiek jest omylny, dlatego przyznajemy si\u0119 do b\u0142\u0119d\u00f3w, kt\u00f3re zdarza nam si\u0119 popelnia\u0107.[\/vc_column_text][\/vc_column_inner][vc_column_inner width=&#8221;1\/3&#8243;][vc_custom_heading text=&#8221;Naprawd\u0119 profesjonalni&#8221; font_container=&#8221;tag:h6|text_align:left&#8221; use_theme_fonts=&#8221;yes&#8221;][vc_column_text]Jeste\u015bmy \u015bwiadomi swoich umiej\u0119tno\u015bci i wykorzystujemy je najlepiej jak potrafimy. Podchodzimy do naszych zada\u0144 w spos\u00f3b zorganizowany i zdyscyplinowany.[\/vc_column_text][\/vc_column_inner][vc_column_inner width=&#8221;1\/3&#8243;][vc_custom_heading text=&#8221;Naprawd\u0119 przyja\u017ani&#8221; font_container=&#8221;tag:h6|text_align:left&#8221; use_theme_fonts=&#8221;yes&#8221;][vc_column_text]Staramy si\u0119 traktowa\u0107 wszystkich w ten sam spos\u00f3b. G\u0142\u0119boko wierzymy, \u017ce \u017cyczliwo\u015b\u0107 pop\u0142aca. Jeste\u015bmy zawsze pozytywnie nastawieni &#8211; nawet je\u015bli co\u015b nie idzie po naszej my\u015bli. Bronimy siebie nawzajem i staramy si\u0119 czu\u0107 komfortowo w swoim towarzystwie.[\/vc_column_text][\/vc_column_inner][\/vc_row_inner][vc_row_inner css=&#8221;.vc_custom_1696596761797{padding-bottom: 20px !important;}&#8221;][vc_column_inner width=&#8221;1\/3&#8243;][vc_custom_heading text=&#8221;Naprawd\u0119 zabawni&#8221; font_container=&#8221;tag:h6|text_align:left&#8221; use_theme_fonts=&#8221;yes&#8221;][vc_column_text]Jeste\u015bmy autentyczni i zaanga\u017cowani. Lubimy to, co robimy. Identyfikacja z firm\u0105 jest dla nas bardzo wa\u017cna.[\/vc_column_text][\/vc_column_inner][vc_column_inner width=&#8221;1\/3&#8243;][vc_custom_heading text=&#8221;Naprawd\u0119 nowocze\u015bni&#8221; font_container=&#8221;tag:h6|text_align:left&#8221; use_theme_fonts=&#8221;yes&#8221;][vc_column_text]Wsp\u00f3lnie dbamy o to, aby nam i firmie wiod\u0142o si\u0119 dobrze. Traktujemy ludzi z respektem &#8211; bo to oni s\u0105 naszym najcenniejszym zasobem. Pracujemy w interdyscyplinarnych zespo\u0142ach o zmieniaj\u0105cym si\u0119 sk\u0142adzie, kt\u00f3re dostosowujemy do konkretnych projekt\u00f3w. Innowacyjno\u015b\u0107 &#8211; to jedna z naszych g\u0142\u00f3wnych dewiz.[\/vc_column_text][\/vc_column_inner][vc_column_inner width=&#8221;1\/3&#8243;][vc_custom_heading text=&#8221;Naprawd\u0119 puszysty&#8221; font_container=&#8221;tag:h6|text_align:left&#8221; use_theme_fonts=&#8221;yes&#8221;][vc_single_image image=&#8221;499&#8243; img_size=&#8221;full&#8221; alignment=&#8221;center&#8221;][\/vc_column_inner][\/vc_row_inner][\/vc_column][\/vc_row][vc_row full_width=&#8221;stretch_row&#8221; gap=&#8221;30&#8243; content_placement=&#8221;middle&#8221; css=&#8221;.vc_custom_1699527768590{padding-top: 3% !important;padding-bottom: 3% !important;background-color: #f5f5f5 !important;}&#8221;][vc_column width=&#8221;1\/2&#8243;][vc_video link=&#8221;https:\/\/youtu.be\/SMrUBTLXdIU&#8221; align=&#8221;center&#8221; el_class=&#8221;video-container&#8221;][\/vc_column][vc_column width=&#8221;1\/2&#8243;][vc_row_inner][vc_column_inner width=&#8221;1\/2&#8243;][vc_custom_heading text=&#8221;Siedziba g\u0142\u00f3wna&#8221; font_container=&#8221;tag:h3|text_align:left&#8221; use_theme_fonts=&#8221;yes&#8221;][vc_column_text]<strong>Bite AG<\/strong><br \/>\nIm K\u00f6ller 3<br \/>\n70794 Filderstadt<br \/>\nNiemcy<\/p>\n<p>Tel.: +49 (0)711 380155 00<br \/>\n<a href=\"mailto:info@bite.de\">info@bite.de<\/a>[\/vc_column_text][\/vc_column_inner][vc_column_inner width=&#8221;1\/2&#8243;][vc_custom_heading text=&#8221;Siedziba w Polsce&#8221; font_container=&#8221;tag:h3|text_align:left&#8221; use_theme_fonts=&#8221;yes&#8221;][vc_column_text]<strong>Bite sp. z o.o. <\/strong><br \/>\nul. Solna 1\/51<br \/>\n30-527 Krak\u00f3w<br \/>\nPolska<\/p>\n<p>Tel.: +48 12 313 45 19<br \/>\n<a href=\"mailto:info@bite.de\">info@bite.de<\/a>[\/vc_column_text][\/vc_column_inner][\/vc_row_inner][\/vc_column][\/vc_row]<\/p>\n<\/div>","protected":false},"excerpt":{"rendered":"<p>[vc_row full_width=&#8221;stretch_row&#8221; awb_type=&#8221;video&#8221; awb_stretch=&#8221;1&#8243; awb_video_mobile=&#8221;1&#8243; css=&#8221;.vc_custom_1701272054559{margin-top: -40px !important;padding-top: 25% !important;padding-bottom: 25% !important;background-position: center !important;background-repeat: no-repeat !important;background-size: cover !important;}&#8221; awb_video_mp4=&#8221;https:\/\/bite.de\/wp-content\/uploads\/2023\/11\/header_kurz-sw.mp4&#8243;][vc_column][\/vc_column][\/vc_row][vc_row][vc_column][vc_empty_space][\/vc_column][\/vc_row][vc_row el_class=&#8221;red-headline&#8221; css=&#8221;.vc_custom_1696596492930{padding-bottom: 30px !important;}&#8221;][vc_column][vc_custom_heading text=&#8221;Jeden za wszystkich, wszyscy za jednego&#8221; font_container=&#8221;tag:h1|text_align:left&#8221; use_theme_fonts=&#8221;yes&#8221;][vc_custom_heading text=&#8221;Jeste\u015bmy Bite&#8221; font_container=&#8221;tag:h3|text_align:left&#8221; use_theme_fonts=&#8221;yes&#8221;][vc_row_inner css=&#8221;.vc_custom_1700139121178{padding-top: 35px !important;}&#8221;][vc_column_inner][vc_column_text]Wymiana pomys\u0142\u00f3w i do\u015bwiadcze\u0144 jest dla nas istotna. Bite sp. z o.o. to firma, gdzie panuje naprawd\u0119 rodzinna [&hellip;]<\/p>\n","protected":false},"author":1,"featured_media":0,"parent":0,"menu_order":0,"comment_status":"closed","ping_status":"closed","template":"","meta":{"footnotes":""},"class_list":["post-571","page","type-page","status-publish","hentry","wpbf-post"],"_links":{"self":[{"href":"https:\/\/bite.de\/pl\/wp-json\/wp\/v2\/pages\/571","targetHints":{"allow":["GET"]}}],"collection":[{"href":"https:\/\/bite.de\/pl\/wp-json\/wp\/v2\/pages"}],"about":[{"href":"https:\/\/bite.de\/pl\/wp-json\/wp\/v2\/types\/page"}],"author":[{"embeddable":true,"href":"https:\/\/bite.de\/pl\/wp-json\/wp\/v2\/users\/1"}],"replies":[{"embeddable":true,"href":"https:\/\/bite.de\/pl\/wp-json\/wp\/v2\/comments?post=571"}],"version-history":[{"count":19,"href":"https:\/\/bite.de\/pl\/wp-json\/wp\/v2\/pages\/571\/revisions"}],"predecessor-version":[{"id":681,"href":"https:\/\/bite.de\/pl\/wp-json\/wp\/v2\/pages\/571\/revisions\/681"}],"wp:attachment":[{"href":"https:\/\/bite.de\/pl\/wp-json\/wp\/v2\/media?parent=571"}],"curies":[{"name":"wp","href":"https:\/\/api.w.org\/{rel}","templated":true}]}}