{"id":575,"date":"2023-09-25T15:55:36","date_gmt":"2023-09-25T13:55:36","guid":{"rendered":"https:\/\/bite.de\/kontakt\/"},"modified":"2024-02-02T10:41:42","modified_gmt":"2024-02-02T09:41:42","slug":"kontakt","status":"publish","type":"page","link":"https:\/\/bite.de\/pl\/kontakt\/","title":{"rendered":"Kontakt"},"content":{"rendered":"<div class=\"wpb-content-wrapper\"><p>[vc_row full_width=&#8221;stretch_row&#8221; css=&#8221;.vc_custom_1699527333905{margin-top: -40px !important;padding-top: 20% !important;padding-bottom: 20% !important;background-image: url(https:\/\/bite.de\/wp-content\/uploads\/2023\/11\/SW_BiteAG_20230927-0338.jpg?id=404) !important;background-position: center !important;background-repeat: no-repeat !important;background-size: cover !important;}&#8221;][vc_column][\/vc_column][\/vc_row][vc_row][vc_column][vc_empty_space][\/vc_column][\/vc_row][vc_row css=&#8221;.vc_custom_1699525345811{padding-top: 40px !important;padding-bottom: 40px !important;}&#8221;][vc_column width=&#8221;2\/3&#8243; css=&#8221;.vc_custom_1699525994739{border-right-width: 1px !important;padding-top: 0px !important;padding-right: 40px !important;border-right-color: #3a3a3a !important;border-right-style: solid !important;}&#8221;][vc_custom_heading text=&#8221;Skontaktuj si\u0119 z nami!&#8221; font_container=&#8221;tag:h1|text_align:left&#8221; use_theme_fonts=&#8221;yes&#8221;][vc_custom_heading text=&#8221;Masz pytania dotycz\u0105ce naszych produkt\u00f3w lub chcia\u0142by\u015b si\u0119 z nami skontaktowa\u0107? Nie wahaj si\u0119 i zadzwo\u0144, napisz mail lub wy\u015blij nam wiadomo\u015b\u0107 za pomoc\u0105 formularza kontaktowego.&#8221; font_container=&#8221;tag:p|font_size:21px|text_align:left&#8221; use_theme_fonts=&#8221;yes&#8221;][vc_empty_space height=&#8221;15px&#8221;]\n<div class=\"wpcf7 no-js\" id=\"wpcf7-f582-o1\" lang=\"pl-PL\" dir=\"ltr\" data-wpcf7-id=\"582\">\n<div class=\"screen-reader-response\"><p role=\"status\" aria-live=\"polite\" aria-atomic=\"true\"><\/p> <ul><\/ul><\/div>\n<form action=\"\/pl\/wp-json\/wp\/v2\/pages\/575#wpcf7-f582-o1\" method=\"post\" class=\"wpcf7-form init\" aria-label=\"Formularz kontaktowy\" novalidate=\"novalidate\" data-status=\"init\">\n<fieldset class=\"hidden-fields-container\"><input type=\"hidden\" name=\"_wpcf7\" value=\"582\" \/><input type=\"hidden\" name=\"_wpcf7_version\" value=\"6.1.4\" \/><input type=\"hidden\" name=\"_wpcf7_locale\" value=\"pl_PL\" \/><input type=\"hidden\" name=\"_wpcf7_unit_tag\" value=\"wpcf7-f582-o1\" \/><input type=\"hidden\" name=\"_wpcf7_container_post\" value=\"0\" \/><input type=\"hidden\" name=\"_wpcf7_posted_data_hash\" value=\"\" \/>\n<\/fieldset>\n<p><span id=\"wpcf7-69eb5f29de378-wrapper\" class=\"wpcf7-form-control-wrap website-wrap\" style=\"display:none !important; visibility:hidden !important;\"><label for=\"wpcf7-69eb5f29de378-field\" class=\"hp-message\">Please leave this field empty.<\/label><input id=\"wpcf7-69eb5f29de378-field\"  class=\"wpcf7-form-control wpcf7-text\" type=\"text\" name=\"website\" value=\"\" size=\"40\" tabindex=\"-1\" autocomplete=\"new-password\" \/><\/span>\n<\/p>\n<div class=\"cf7kontakt-form-outer\">\n\t<div>\n\t\t<p><span class=\"wpcf7-form-control-wrap\" data-name=\"firma\"><input size=\"40\" maxlength=\"400\" class=\"wpcf7-form-control wpcf7-text wpcf7-validates-as-required\" aria-required=\"true\" aria-invalid=\"false\" placeholder=\"Firma *\" value=\"\" type=\"text\" name=\"firma\" \/><\/span>\n\t\t<\/p>\n\t<\/div>\n\t<div>\n\t\t<p><span class=\"wpcf7-form-control-wrap\" data-name=\"funktion\"><input size=\"40\" maxlength=\"400\" class=\"wpcf7-form-control wpcf7-text wpcf7-validates-as-required\" aria-required=\"true\" aria-invalid=\"false\" placeholder=\"Funkcja w firmie *\" value=\"\" type=\"text\" name=\"funktion\" \/><\/span>\n\t\t<\/p>\n\t<\/div>\n\t<div>\n\t\t<p><span class=\"wpcf7-form-control-wrap\" data-name=\"vorname\"><input size=\"40\" maxlength=\"400\" class=\"wpcf7-form-control wpcf7-text wpcf7-validates-as-required\" aria-required=\"true\" aria-invalid=\"false\" placeholder=\"Imi\u0119 *\" value=\"\" type=\"text\" name=\"vorname\" \/><\/span>\n\t\t<\/p>\n\t<\/div>\n\t<div>\n\t\t<p><span class=\"wpcf7-form-control-wrap\" data-name=\"nachname\"><input size=\"40\" maxlength=\"400\" class=\"wpcf7-form-control wpcf7-text wpcf7-validates-as-required\" aria-required=\"true\" aria-invalid=\"false\" placeholder=\"Nazwisko *\" value=\"\" type=\"text\" name=\"nachname\" \/><\/span>\n\t\t<\/p>\n\t<\/div>\n\t<div>\n\t\t<p><span class=\"wpcf7-form-control-wrap\" data-name=\"telefon\"><input size=\"40\" maxlength=\"400\" class=\"wpcf7-form-control wpcf7-tel wpcf7-validates-as-required wpcf7-text wpcf7-validates-as-tel\" autocomplete=\"tel\" aria-required=\"true\" aria-invalid=\"false\" placeholder=\"Telefon\" value=\"\" type=\"tel\" name=\"telefon\" \/><\/span>\n\t\t<\/p>\n\t<\/div>\n\t<div>\n\t\t<p><span class=\"wpcf7-form-control-wrap\" data-name=\"email\"><input size=\"40\" maxlength=\"400\" class=\"wpcf7-form-control wpcf7-email wpcf7-validates-as-required wpcf7-text wpcf7-validates-as-email\" autocomplete=\"email\" aria-required=\"true\" aria-invalid=\"false\" placeholder=\"E-Mail *\" value=\"\" type=\"email\" name=\"email\" \/><\/span>\n\t\t<\/p>\n\t<\/div>\n<\/div>\n<p><span class=\"wpcf7-form-control-wrap\" data-name=\"nachricht\"><textarea cols=\"40\" rows=\"4\" maxlength=\"2000\" class=\"wpcf7-form-control wpcf7-textarea wpcf7-validates-as-required\" aria-required=\"true\" aria-invalid=\"false\" placeholder=\"Jak mo\u017cemy Ci pom\u00f3c? *\" name=\"nachricht\"><\/textarea><\/span>\n<\/p>\n<div class=\"cf7kontakt-datenschutz\">\n\t<p><span class=\"wpcf7-form-control-wrap\" data-name=\"datenschutz\"><span class=\"wpcf7-form-control wpcf7-acceptance\"><span class=\"wpcf7-list-item\"><input type=\"checkbox\" name=\"datenschutz\" value=\"1\" aria-invalid=\"false\" \/><\/span><\/span><\/span> Wyra\u017cam zgod\u0119 na gromadzenie i przechowywanie moich danych w formie elektronicznej w celu udzielenia odpowiedzi na moje zapytanie. Uwaga: Zgod\u0119 mo\u017cna wycofa\u0107 w dowolnym momencie, wysy\u0142aj\u0105c wiadomo\u015b\u0107 e-mail na adres <a href=\"mailto:info@bite.de\">info@bite.de<\/a>. Wi\u0119cej informacji, w tym na temat okres\u00f3w usuwania danych, mo\u017cna znale\u017a\u0107 w <a href=\"\/datenschutz\">polityce prywatno\u015bci<\/a>.\n\t<\/p>\n<\/div>\n<p><input class=\"wpcf7-form-control wpcf7-submit has-spinner\" type=\"submit\" value=\"Wy\u015blij wiadomo\u015b\u0107\" \/>\n<\/p><div class=\"wpcf7-response-output\" aria-hidden=\"true\"><\/div>\n<\/form>\n<\/div>\n[vc_empty_space height=&#8221;40px&#8221;][\/vc_column][vc_column width=&#8221;1\/3&#8243; css=&#8221;.vc_custom_1699525850708{padding-left: 40px !important;}&#8221;][vc_column_text css=&#8221;.vc_custom_1703065310022{margin-bottom: 20px !important;}&#8221;]<\/p>\n<h6><span class=\"kontakt-title\">Centrala<\/span><\/h6>\n<p>[\/vc_column_text][vc_column_text]Tel.: <a href=\"tel:+48123134519\">+48 12 313 45 19<\/a><br \/>\n<a href=\"mailto:info@bite.de\">info@bite.de<\/a>[\/vc_column_text][vc_separator color=&#8221;custom&#8221; accent_color=&#8221;rgba(58,58,58,0.7)&#8221;][vc_column_text css=&#8221;.vc_custom_1700826673465{margin-bottom: 20px !important;}&#8221;]<\/p>\n<h6><span class=\"kontakt-title\">Prokurent<\/span><\/h6>\n<p>[\/vc_column_text][vc_column_text]<strong>Robert Chustecki<\/strong><br \/>\nTel.: <a href=\"tel:+48123134519\">+48 12 313 45 19<\/a><br \/>\n<a href=\"mailto:robert.chustecki@bite.de\">robert.chustecki@bite.de<\/a>[\/vc_column_text][vc_separator color=&#8221;custom&#8221; accent_color=&#8221;rgba(58,58,58,0.7)&#8221;][vc_column_text css=&#8221;.vc_custom_1703065323000{margin-bottom: 20px !important;}&#8221;]<\/p>\n<h6><span class=\"kontakt-title\">Hotline<\/span><\/h6>\n<p>[\/vc_column_text][vc_column_text]<strong>DISPONIC<\/strong><br \/>\nTel.: <a href=\"tel:+48123134519\">+48 12 313 45 19<\/a><br \/>\n<a href=\"mailto:hotline@disponic.de\">hotline@disponic.de<\/a>[\/vc_column_text][\/vc_column][\/vc_row][vc_row full_width=&#8221;stretch_row&#8221; css=&#8221;.vc_custom_1700136979730{padding-top: 5% !important;background-image: url(https:\/\/bite.de\/wp-content\/uploads\/2023\/09\/Gruppe-45.jpg?id=29) !important;background-position: center !important;background-repeat: no-repeat !important;background-size: cover !important;}&#8221;][vc_column width=&#8221;2\/3&#8243;][vc_gmaps link=&#8221;#E-8_JTNDaWZyYW1lJTIwc3JjJTNEJTIyaHR0cHMlM0ElMkYlMkZ3d3cuZ29vZ2xlLmNvbSUyRm1hcHMlMkZlbWJlZCUzRnBiJTNEJTIxMW0xNCUyMTFtOCUyMTFtMyUyMTFkMTA1MzcuMDU5NjYyODY2MDklMjEyZDkuMjQwODcyNyUyMTNkNDguNjgxMjk5NSUyMTNtMiUyMTFpMTAyNCUyMTJpNzY4JTIxNGYxMy4xJTIxM20zJTIxMW0yJTIxMXMweDQ3OTljMjcxMTY1ZDIxZTclMjUzQTB4OWMzMzNkNGRiMWZlNWRmMiUyMTJzQml0ZSUyNTIwQUclMjE1ZTAlMjEzbTIlMjExc2RlJTIxMnNkZSUyMTR2MTY5NjU4Mzc5OTU1NCUyMTVtMiUyMTFzZGUlMjEyc2RlJTIyJTIwd2lkdGglM0QlMjI4MDAlMjIlMjBoZWlnaHQlM0QlMjIzOTAlMjIlMjBzdHlsZSUzRCUyMmJvcmRlciUzQTAlM0IlMjIlMjBhbGxvd2Z1bGxzY3JlZW4lM0QlMjIlMjIlMjBsb2FkaW5nJTNEJTIybGF6eSUyMiUyMHJlZmVycmVycG9saWN5JTNEJTIybm8tcmVmZXJyZXItd2hlbi1kb3duZ3JhZGUlMjIlM0UlM0MlMkZpZnJhbWUlM0U=&#8221;][\/vc_column][vc_column width=&#8221;1\/3&#8243;][vc_single_image image=&#8221;545&#8243; img_size=&#8221;full&#8221; alignment=&#8221;center&#8221; css=&#8221;.vc_custom_1700138777717{margin-bottom: 0px !important;}&#8221;][\/vc_column][\/vc_row]<\/p>\n<\/div>","protected":false},"excerpt":{"rendered":"<p>[vc_row full_width=&#8221;stretch_row&#8221; css=&#8221;.vc_custom_1699527333905{margin-top: -40px !important;padding-top: 20% !important;padding-bottom: 20% !important;background-image: url(https:\/\/bite.de\/wp-content\/uploads\/2023\/11\/SW_BiteAG_20230927-0338.jpg?id=404) !important;background-position: center !important;background-repeat: no-repeat !important;background-size: cover !important;}&#8221;][vc_column][\/vc_column][\/vc_row][vc_row][vc_column][vc_empty_space][\/vc_column][\/vc_row][vc_row css=&#8221;.vc_custom_1699525345811{padding-top: 40px !important;padding-bottom: 40px !important;}&#8221;][vc_column width=&#8221;2\/3&#8243; css=&#8221;.vc_custom_1699525994739{border-right-width: 1px !important;padding-top: 0px !important;padding-right: 40px !important;border-right-color: #3a3a3a !important;border-right-style: solid !important;}&#8221;][vc_custom_heading text=&#8221;Skontaktuj si\u0119 z nami!&#8221; font_container=&#8221;tag:h1|text_align:left&#8221; use_theme_fonts=&#8221;yes&#8221;][vc_custom_heading text=&#8221;Masz pytania dotycz\u0105ce naszych produkt\u00f3w lub chcia\u0142by\u015b si\u0119 z nami skontaktowa\u0107? Nie wahaj si\u0119 i [&hellip;]<\/p>\n","protected":false},"author":1,"featured_media":0,"parent":0,"menu_order":0,"comment_status":"closed","ping_status":"closed","template":"","meta":{"footnotes":""},"class_list":["post-575","page","type-page","status-publish","hentry","wpbf-post"],"_links":{"self":[{"href":"https:\/\/bite.de\/pl\/wp-json\/wp\/v2\/pages\/575","targetHints":{"allow":["GET"]}}],"collection":[{"href":"https:\/\/bite.de\/pl\/wp-json\/wp\/v2\/pages"}],"about":[{"href":"https:\/\/bite.de\/pl\/wp-json\/wp\/v2\/types\/page"}],"author":[{"embeddable":true,"href":"https:\/\/bite.de\/pl\/wp-json\/wp\/v2\/users\/1"}],"replies":[{"embeddable":true,"href":"https:\/\/bite.de\/pl\/wp-json\/wp\/v2\/comments?post=575"}],"version-history":[{"count":14,"href":"https:\/\/bite.de\/pl\/wp-json\/wp\/v2\/pages\/575\/revisions"}],"predecessor-version":[{"id":696,"href":"https:\/\/bite.de\/pl\/wp-json\/wp\/v2\/pages\/575\/revisions\/696"}],"wp:attachment":[{"href":"https:\/\/bite.de\/pl\/wp-json\/wp\/v2\/media?parent=575"}],"curies":[{"name":"wp","href":"https:\/\/api.w.org\/{rel}","templated":true}]}}