{"id":579,"date":"2023-09-26T12:51:12","date_gmt":"2023-09-26T10:51:12","guid":{"rendered":"https:\/\/bite.de\/nadruk\/"},"modified":"2025-10-21T11:13:22","modified_gmt":"2025-10-21T09:13:22","slug":"impressum","status":"publish","type":"page","link":"https:\/\/bite.de\/pl\/impressum\/","title":{"rendered":"Nadruk"},"content":{"rendered":"<div class=\"wpb-content-wrapper\"><p>[vc_row full_width=&#8221;stretch_row&#8221; css=&#8221;.vc_custom_1699527333905{margin-top: -40px !important;padding-top: 20% !important;padding-bottom: 20% !important;background-image: url(https:\/\/bite.de\/wp-content\/uploads\/2023\/11\/SW_BiteAG_20230927-0338.jpg?id=404) !important;background-position: center !important;background-repeat: no-repeat !important;background-size: cover !important;}&#8221;][vc_column][\/vc_column][\/vc_row][vc_row][vc_column][vc_empty_space][\/vc_column][\/vc_row][vc_row css=&#8221;.vc_custom_1700150260269{padding-bottom: 50px !important;}&#8221;][vc_column][vc_custom_heading text=&#8221;Nadruk&#8221; font_container=&#8221;tag:h1|text_align:left&#8221; use_theme_fonts=&#8221;yes&#8221;][vc_row_inner][vc_column_inner width=&#8221;1\/2&#8243;][vc_column_text css=&#8221;&#8221;]<\/p>\n<h2>Informacje zgodnie z \u00a7 5 TMG<\/h2>\n<p>Bite AG<br \/>\nIm K\u00f6ller 3<br \/>\n70794 Filderstadt<\/p>\n<p>Handelsregister: HRB 225217<br \/>\nRegistergericht: Amtsgericht Stuttgart<\/p>\n<p>Reprezentowani przez:<br \/>\nJochen Hahn (Zarz\u0105d), Niels Reinhard (Zarz\u0105d)<\/p>\n<p>Steffen Schulz (Przewodnicz\u0105cy Rady Nadzorczej)<br \/>\nFelix Kr\u00f6ll (Wiceprzewodnicz\u0105cy Rady Nadzorczej)<br \/>\nMarcel Behringer (Cz\u0142onek Rady Nadzorczej))<\/p>\n<h2>Skontaktuj si\u0119 z nami<\/h2>\n<p>Telefon: +49 (0)711 380155 0<br \/>\nTelefax: +49 (0)711 380155 102<br \/>\nE-Mail: info@bite.de[\/vc_column_text][\/vc_column_inner][vc_column_inner width=&#8221;1\/2&#8243;][vc_column_text]<\/p>\n<h2>ID podatku od sprzeda\u017cy<\/h2>\n<p>Numer identyfikacji podatkowej zgodnie z \u00a7 27 ustawy o podatku od sprzeda\u017cy:<br \/>\nDE 173058854<\/p>\n<h2>Rozstrzyganie spor\u00f3w w UE<\/h2>\n<p>Komisja Europejska zapewnia platform\u0119 internetowego rozstrzygania spor\u00f3w (OS): <a href=\"https:\/\/ec.europa.eu\/consumers\/odr\/\" target=\"_blank\" rel=\"noopener noreferrer\">https:\/\/ec.europa.eu\/consumers\/odr\/<\/a>.<br \/>\nNasz adres e-mail mo\u017cna znale\u017a\u0107 w powy\u017cszej nocie prawnej.<\/p>\n<h2>Rozstrzyganie spor\u00f3w konsumenckich\/uniwersalne centrum arbitra\u017cowe<\/h2>\n<p>Nie jeste\u015bmy sk\u0142onni ani zobowi\u0105zani do udzia\u0142u w post\u0119powaniu rozstrzygaj\u0105cym spory przed komisj\u0105 arbitra\u017cow\u0105 ds. konsument\u00f3w.<\/p>\n<h2>Konzeption, Design und Umsetzung<\/h2>\n<p><a href=\"https:\/\/www.dreamland.de\" target=\"_blank\" rel=\"noopener\">Werbeagentur Dreamland<\/a><br \/>\nEmail: info@dreamland.de[\/vc_column_text][\/vc_column_inner][\/vc_row_inner][\/vc_column][\/vc_row]<\/p>\n<\/div>","protected":false},"excerpt":{"rendered":"<p>[vc_row full_width=&#8221;stretch_row&#8221; css=&#8221;.vc_custom_1699527333905{margin-top: -40px !important;padding-top: 20% !important;padding-bottom: 20% !important;background-image: url(https:\/\/bite.de\/wp-content\/uploads\/2023\/11\/SW_BiteAG_20230927-0338.jpg?id=404) !important;background-position: center !important;background-repeat: no-repeat !important;background-size: cover !important;}&#8221;][vc_column][\/vc_column][\/vc_row][vc_row][vc_column][vc_empty_space][\/vc_column][\/vc_row][vc_row css=&#8221;.vc_custom_1700150260269{padding-bottom: 50px !important;}&#8221;][vc_column][vc_custom_heading text=&#8221;Nadruk&#8221; font_container=&#8221;tag:h1|text_align:left&#8221; use_theme_fonts=&#8221;yes&#8221;][vc_row_inner][vc_column_inner width=&#8221;1\/2&#8243;][vc_column_text css=&#8221;&#8221;] Informacje zgodnie z \u00a7 5 TMG Bite AG Im K\u00f6ller 3 70794 Filderstadt Handelsregister: HRB 225217 Registergericht: Amtsgericht Stuttgart Reprezentowani przez: Jochen Hahn (Zarz\u0105d), Niels Reinhard (Zarz\u0105d) Steffen Schulz (Przewodnicz\u0105cy [&hellip;]<\/p>\n","protected":false},"author":1,"featured_media":0,"parent":0,"menu_order":0,"comment_status":"closed","ping_status":"closed","template":"","meta":{"footnotes":""},"class_list":["post-579","page","type-page","status-publish","hentry","wpbf-post"],"_links":{"self":[{"href":"https:\/\/bite.de\/pl\/wp-json\/wp\/v2\/pages\/579","targetHints":{"allow":["GET"]}}],"collection":[{"href":"https:\/\/bite.de\/pl\/wp-json\/wp\/v2\/pages"}],"about":[{"href":"https:\/\/bite.de\/pl\/wp-json\/wp\/v2\/types\/page"}],"author":[{"embeddable":true,"href":"https:\/\/bite.de\/pl\/wp-json\/wp\/v2\/users\/1"}],"replies":[{"embeddable":true,"href":"https:\/\/bite.de\/pl\/wp-json\/wp\/v2\/comments?post=579"}],"version-history":[{"count":10,"href":"https:\/\/bite.de\/pl\/wp-json\/wp\/v2\/pages\/579\/revisions"}],"predecessor-version":[{"id":926,"href":"https:\/\/bite.de\/pl\/wp-json\/wp\/v2\/pages\/579\/revisions\/926"}],"wp:attachment":[{"href":"https:\/\/bite.de\/pl\/wp-json\/wp\/v2\/media?parent=579"}],"curies":[{"name":"wp","href":"https:\/\/api.w.org\/{rel}","templated":true}]}}